{"id":19,"date":"2020-11-15T20:19:55","date_gmt":"2020-11-15T20:19:55","guid":{"rendered":"http:\/\/northwest-archers.ch\/?page_id=19"},"modified":"2020-11-15T20:55:31","modified_gmt":"2020-11-15T20:55:31","slug":"ueber-uns","status":"publish","type":"page","link":"http:\/\/northwest-archers.ch\/index.php\/ueber-uns\/","title":{"rendered":"Wer wir sind"},"content":{"rendered":"\n<h1><\/h1>\n\n\n\n<p><em>&#8222;Der Bogensport bietet die M\u00f6glichkeit die innere Mitte zu finden und sich in der v\u00f6lligen Konzentration auf den Schussablauf der Hektik des Alltags f\u00fcr einen kurzen Augenblick zu entziehen.&#8220;<\/em><\/p>\n\n\n\n<p><em>&#8222;Man Fokussiert sich auf das Ziel, das Wesentliche und l\u00e4sst dabei alles was nicht wichtig ist mit dem Pfeil los.&#8220;<\/em><\/p>\n\n\n\n<p>Wir die Northwest Archers sind ein Verein der von 4 Bogensportenthusiasten im M\u00e4rz 2017 gegr\u00fcndet wurde. Es waren dies Jo\u0451l Ledermann, Roland Eggenschwiler, Fabienne und Simon Heller.<\/p>\n\n\n\n<p>Wir als Verein haben es uns zum Ziel gesetzt den Bogensport als Breitensportart zu f\u00f6rdern und zu betreiben.<\/p>\n\n\n\n<p>Wir konzentrieren uns haupts\u00e4chlich auf das 3D und das Scheibenschie\u00dfen mit all seinen Facetten in der Halle sowie drau\u00dfen in der Natur.<\/p>\n\n\n\n<p>Wir wollen den Bogensport allen Interessierten n\u00e4her bringen und ein alternatives Angebot zu den weit verbreiteten Standard Sportarten wie Fu\u00dfball, Volleyball, Tennis Etc. schaffen.<\/p>\n\n\n\n<p>Den Mitgliedern bieten wir eine Struktur in der Sie dem sportlichen Schie\u00dfen mit Pfeil und Bogen nachgehen k\u00f6nnen.<\/p>\n\n\n\n<p>Als Verein wollen wir unsere Mitglieder gleicherma\u00dfen f\u00f6rdern und fordern.<\/p>\n\n\n\n<p>Das gem\u00fctliche Beisammensein neben dem Training ist uns sehr wichtig und unterst\u00fctzt die famili\u00e4re Atmosph\u00e4re in der wir unseren Sport Aus\u00fcben wollen.<\/p>\n\n\n\n<p>Es ist uns wichtig, die Natur in der wir unseren Sport Aus\u00fcben, mit Respekt zu behandeln und zu Schonen<\/p>\n\n\n\n<h3><strong>&nbsp;<\/strong><\/h3>\n\n\n\n<p>02.04.2017<\/p>\n\n\n\n<p>Pr\u00e4sident<\/p>\n\n\n\n<p>Simon Heller<\/p>\n","protected":false},"excerpt":{"rendered":"<p>&#8222;Der Bogensport bietet die M\u00f6glichkeit die innere Mitte zu finden und sich in der v\u00f6lligen Konzentration auf den Schussablauf der Hektik des Alltags f\u00fcr einen kurzen Augenblick zu entziehen.&#8220; &#8222;Man Fokussiert sich auf das Ziel, das Wesentliche und l\u00e4sst dabei alles was nicht wichtig ist mit dem Pfeil los.&#8220; Wir die Northwest Archers sind ein &hellip; <\/p>\n<p class=\"link-more\"><a href=\"http:\/\/northwest-archers.ch\/index.php\/ueber-uns\/\" class=\"more-link\"><span class=\"screen-reader-text\">\u201eWer wir sind\u201c<\/span> weiterlesen<\/a><\/p>\n","protected":false},"author":1,"featured_media":0,"parent":0,"menu_order":0,"comment_status":"closed","ping_status":"closed","template":"","meta":[],"yoast_head":"<!-- This site is optimized with the Yoast SEO plugin v19.10 - https:\/\/yoast.com\/wordpress\/plugins\/seo\/ -->\n<title>Wer wir sind - Northwest Archers<\/title>\n<meta name=\"robots\" content=\"index, follow, max-snippet:-1, max-image-preview:large, max-video-preview:-1\" \/>\n<link rel=\"canonical\" href=\"http:\/\/northwest-archers.ch\/index.php\/ueber-uns\/\" \/>\n<meta property=\"og:locale\" content=\"de_DE\" \/>\n<meta property=\"og:type\" content=\"article\" \/>\n<meta property=\"og:title\" content=\"Wer wir sind - Northwest Archers\" \/>\n<meta property=\"og:description\" content=\"&#8222;Der Bogensport bietet die M\u00f6glichkeit die innere Mitte zu finden und sich in der v\u00f6lligen Konzentration auf den Schussablauf der Hektik des Alltags f\u00fcr einen kurzen Augenblick zu entziehen.&#8220; &#8222;Man Fokussiert sich auf das Ziel, das Wesentliche und l\u00e4sst dabei alles was nicht wichtig ist mit dem Pfeil los.&#8220; Wir die Northwest Archers sind ein &hellip; \u201eWer wir sind\u201c weiterlesen\" \/>\n<meta property=\"og:url\" content=\"http:\/\/northwest-archers.ch\/index.php\/ueber-uns\/\" \/>\n<meta property=\"og:site_name\" content=\"Northwest Archers\" \/>\n<meta property=\"article:modified_time\" content=\"2020-11-15T20:55:31+00:00\" \/>\n<meta name=\"twitter:card\" content=\"summary_large_image\" \/>\n<meta name=\"twitter:label1\" content=\"Gesch\u00e4tzte Lesezeit\" \/>\n\t<meta name=\"twitter:data1\" content=\"1\u00a0Minute\" \/>\n<script type=\"application\/ld+json\" class=\"yoast-schema-graph\">{\"@context\":\"https:\/\/schema.org\",\"@graph\":[{\"@type\":\"WebPage\",\"@id\":\"http:\/\/northwest-archers.ch\/index.php\/ueber-uns\/\",\"url\":\"http:\/\/northwest-archers.ch\/index.php\/ueber-uns\/\",\"name\":\"Wer wir sind - Northwest Archers\",\"isPartOf\":{\"@id\":\"http:\/\/northwest-archers.ch\/#website\"},\"datePublished\":\"2020-11-15T20:19:55+00:00\",\"dateModified\":\"2020-11-15T20:55:31+00:00\",\"breadcrumb\":{\"@id\":\"http:\/\/northwest-archers.ch\/index.php\/ueber-uns\/#breadcrumb\"},\"inLanguage\":\"de\",\"potentialAction\":[{\"@type\":\"ReadAction\",\"target\":[\"http:\/\/northwest-archers.ch\/index.php\/ueber-uns\/\"]}]},{\"@type\":\"BreadcrumbList\",\"@id\":\"http:\/\/northwest-archers.ch\/index.php\/ueber-uns\/#breadcrumb\",\"itemListElement\":[{\"@type\":\"ListItem\",\"position\":1,\"name\":\"Home\",\"item\":\"http:\/\/northwest-archers.ch\/\"},{\"@type\":\"ListItem\",\"position\":2,\"name\":\"Wer wir sind\"}]},{\"@type\":\"WebSite\",\"@id\":\"http:\/\/northwest-archers.ch\/#website\",\"url\":\"http:\/\/northwest-archers.ch\/\",\"name\":\"Northwest Archers\",\"description\":\"Die Leidenschaft die Freunde schaft\",\"potentialAction\":[{\"@type\":\"SearchAction\",\"target\":{\"@type\":\"EntryPoint\",\"urlTemplate\":\"http:\/\/northwest-archers.ch\/?s={search_term_string}\"},\"query-input\":\"required name=search_term_string\"}],\"inLanguage\":\"de\"}]}<\/script>\n<!-- \/ Yoast SEO plugin. -->","yoast_head_json":{"title":"Wer wir sind - Northwest Archers","robots":{"index":"index","follow":"follow","max-snippet":"max-snippet:-1","max-image-preview":"max-image-preview:large","max-video-preview":"max-video-preview:-1"},"canonical":"http:\/\/northwest-archers.ch\/index.php\/ueber-uns\/","og_locale":"de_DE","og_type":"article","og_title":"Wer wir sind - Northwest Archers","og_description":"&#8222;Der Bogensport bietet die M\u00f6glichkeit die innere Mitte zu finden und sich in der v\u00f6lligen Konzentration auf den Schussablauf der Hektik des Alltags f\u00fcr einen kurzen Augenblick zu entziehen.&#8220; &#8222;Man Fokussiert sich auf das Ziel, das Wesentliche und l\u00e4sst dabei alles was nicht wichtig ist mit dem Pfeil los.&#8220; Wir die Northwest Archers sind ein &hellip; \u201eWer wir sind\u201c weiterlesen","og_url":"http:\/\/northwest-archers.ch\/index.php\/ueber-uns\/","og_site_name":"Northwest Archers","article_modified_time":"2020-11-15T20:55:31+00:00","twitter_card":"summary_large_image","twitter_misc":{"Gesch\u00e4tzte Lesezeit":"1\u00a0Minute"},"schema":{"@context":"https:\/\/schema.org","@graph":[{"@type":"WebPage","@id":"http:\/\/northwest-archers.ch\/index.php\/ueber-uns\/","url":"http:\/\/northwest-archers.ch\/index.php\/ueber-uns\/","name":"Wer wir sind - Northwest Archers","isPartOf":{"@id":"http:\/\/northwest-archers.ch\/#website"},"datePublished":"2020-11-15T20:19:55+00:00","dateModified":"2020-11-15T20:55:31+00:00","breadcrumb":{"@id":"http:\/\/northwest-archers.ch\/index.php\/ueber-uns\/#breadcrumb"},"inLanguage":"de","potentialAction":[{"@type":"ReadAction","target":["http:\/\/northwest-archers.ch\/index.php\/ueber-uns\/"]}]},{"@type":"BreadcrumbList","@id":"http:\/\/northwest-archers.ch\/index.php\/ueber-uns\/#breadcrumb","itemListElement":[{"@type":"ListItem","position":1,"name":"Home","item":"http:\/\/northwest-archers.ch\/"},{"@type":"ListItem","position":2,"name":"Wer wir sind"}]},{"@type":"WebSite","@id":"http:\/\/northwest-archers.ch\/#website","url":"http:\/\/northwest-archers.ch\/","name":"Northwest Archers","description":"Die Leidenschaft die Freunde schaft","potentialAction":[{"@type":"SearchAction","target":{"@type":"EntryPoint","urlTemplate":"http:\/\/northwest-archers.ch\/?s={search_term_string}"},"query-input":"required name=search_term_string"}],"inLanguage":"de"}]}},"_links":{"self":[{"href":"http:\/\/northwest-archers.ch\/index.php\/wp-json\/wp\/v2\/pages\/19"}],"collection":[{"href":"http:\/\/northwest-archers.ch\/index.php\/wp-json\/wp\/v2\/pages"}],"about":[{"href":"http:\/\/northwest-archers.ch\/index.php\/wp-json\/wp\/v2\/types\/page"}],"author":[{"embeddable":true,"href":"http:\/\/northwest-archers.ch\/index.php\/wp-json\/wp\/v2\/users\/1"}],"replies":[{"embeddable":true,"href":"http:\/\/northwest-archers.ch\/index.php\/wp-json\/wp\/v2\/comments?post=19"}],"version-history":[{"count":3,"href":"http:\/\/northwest-archers.ch\/index.php\/wp-json\/wp\/v2\/pages\/19\/revisions"}],"predecessor-version":[{"id":72,"href":"http:\/\/northwest-archers.ch\/index.php\/wp-json\/wp\/v2\/pages\/19\/revisions\/72"}],"wp:attachment":[{"href":"http:\/\/northwest-archers.ch\/index.php\/wp-json\/wp\/v2\/media?parent=19"}],"curies":[{"name":"wp","href":"https:\/\/api.w.org\/{rel}","templated":true}]}}